{"id":267,"date":"2025-10-31T13:29:27","date_gmt":"2025-10-31T13:29:27","guid":{"rendered":"https:\/\/ikapartamenty.pl\/index.php\/zarezerwuj-2\/"},"modified":"2025-10-31T15:38:37","modified_gmt":"2025-10-31T15:38:37","slug":"zarezerwuj","status":"publish","type":"page","link":"https:\/\/ikapartamenty.pl\/ar\/zarezerwuj\/","title":{"rendered":"Zarezerwuj"},"content":{"rendered":"<div data-elementor-type=\"wp-page\" data-elementor-id=\"267\" class=\"elementor elementor-267\" data-elementor-post-type=\"page\">\n\t\t\t\t<div class=\"elementor-element elementor-element-201619d1 e-flex e-con-boxed e-con e-parent\" data-id=\"201619d1\" data-element_type=\"container\" data-e-type=\"container\" data-settings=\"{&quot;background_background&quot;:&quot;classic&quot;}\">\n\t\t\t\t\t<div class=\"e-con-inner\">\n\t\t\t\t<div class=\"elementor-element elementor-element-324e715b elementor-widget elementor-widget-heading\" data-id=\"324e715b\" data-element_type=\"widget\" data-e-type=\"widget\" data-widget_type=\"heading.default\">\n\t\t\t\t\t<h2 class=\"elementor-heading-title elementor-size-default\">Zarezerwuj sw\u00f3j pobyt!<\/h2>\t\t\t\t<\/div>\n\t\t\t\t<div class=\"elementor-element elementor-element-56dcf735 elementor-widget elementor-widget-text-editor\" data-id=\"56dcf735\" data-element_type=\"widget\" data-e-type=\"widget\" data-widget_type=\"text-editor.default\">\n\t\t\t\t\t\t\t\t\t<p>Rezerwuj\u0105c pok\u00f3j hotelowy bezpo\u015brednio na naszej stronie internetowej, zawsze uzyskasz najlepsz\u0105 cen\u0119. Dok\u0142adamy wszelkich stara\u0144, aby ceny u nas by\u0142y zawsze korzystniejsze ni\u017c na znanych platformach rezerwacyjnych.<\/p>\t\t\t\t\t\t\t\t<\/div>\n\t\t\t\t\t<\/div>\n\t\t\t\t<\/div>\n\t\t<div class=\"elementor-element elementor-element-58deb866 e-flex e-con-boxed e-con e-parent\" data-id=\"58deb866\" data-element_type=\"container\" data-e-type=\"container\" data-settings=\"{&quot;background_background&quot;:&quot;classic&quot;,&quot;shape_divider_top&quot;:&quot;curve&quot;,&quot;shape_divider_top_negative&quot;:&quot;yes&quot;}\">\n\t\t\t\t\t<div class=\"e-con-inner\">\n\t\t\t\t<div class=\"elementor-shape elementor-shape-top\" aria-hidden=\"true\" data-negative=\"true\">\n\t\t\t<svg xmlns=\"http:\/\/www.w3.org\/2000\/svg\" viewbox=\"0 0 1000 100\" preserveaspectratio=\"none\">\n\t<path class=\"elementor-shape-fill\" d=\"M500,97C126.7,96.3,0.8,19.8,0,0v100l1000,0V1C1000,19.4,873.3,97.8,500,97z\"\/>\n<\/svg>\t\t<\/div>\n\t\t<div class=\"elementor-element elementor-element-436ed10e e-con-full e-flex e-con e-child\" data-id=\"436ed10e\" data-element_type=\"container\" data-e-type=\"container\">\n\t\t\t\t<div class=\"elementor-element elementor-element-1033669 pp-dual-heading-block elementor-widget elementor-widget-pp-dual-heading\" data-id=\"1033669\" data-element_type=\"widget\" data-e-type=\"widget\" data-widget_type=\"pp-dual-heading.default\">\n\t\t\t\t\t<h2 class=\"pp-dual-heading\"><span class=\"pp-first-text\">IK Apartamenty<\/span><span class=\"pp-second-text\">ul. Juliusza S\u0142owackiego 2\/1<\/span><\/h2>\t\t\t\t<\/div>\n\t\t\t\t<div class=\"elementor-element elementor-element-31649196 elementor-widget elementor-widget-html\" data-id=\"31649196\" data-element_type=\"widget\" data-e-type=\"widget\" data-widget_type=\"html.default\">\n\t\t\t\t\t<iframe src =\"https:\/\/bookings.aparts24.de\/booking2.php?propid=277017&amp;referer=iframe\" width=\"800\" height=\"1000\" style=\"max-width:100%;border:none;overflow:auto;\"><p><a href=\"https:\/\/bookings.aparts24.de\/booking2.php?propid=277017&amp;referer=iframe\" title=\"Book Now\" target=\"_blank\" rel=\"noopener\">Book Now<\/a><\/p><\/iframe>\t\t\t\t<\/div>\n\t\t\t\t<\/div>\n\t\t\t\t\t<\/div>\n\t\t\t\t<\/div>\n\t\t\t\t<\/div>","protected":false},"excerpt":{"rendered":"<p>Zarezerwuj sw\u00f3j pobyt! Rezerwuj\u0105c pok\u00f3j hotelowy bezpo\u015brednio na naszej stronie internetowej, zawsze uzyskasz najlepsz\u0105 cen\u0119. Dok\u0142adamy wszelkich stara\u0144, aby ceny u nas by\u0142y zawsze korzystniejsze ni\u017c na znanych platformach rezerwacyjnych. IK Apartamentyul. Juliusza S\u0142owackiego 2\/1 Book Now<\/p>","protected":false},"author":1,"featured_media":0,"parent":0,"menu_order":0,"comment_status":"closed","ping_status":"closed","template":"","meta":{"footnotes":""},"class_list":["post-267","page","type-page","status-publish","hentry"],"_links":{"self":[{"href":"https:\/\/ikapartamenty.pl\/ar\/wp-json\/wp\/v2\/pages\/267","targetHints":{"allow":["GET"]}}],"collection":[{"href":"https:\/\/ikapartamenty.pl\/ar\/wp-json\/wp\/v2\/pages"}],"about":[{"href":"https:\/\/ikapartamenty.pl\/ar\/wp-json\/wp\/v2\/types\/page"}],"author":[{"embeddable":true,"href":"https:\/\/ikapartamenty.pl\/ar\/wp-json\/wp\/v2\/users\/1"}],"replies":[{"embeddable":true,"href":"https:\/\/ikapartamenty.pl\/ar\/wp-json\/wp\/v2\/comments?post=267"}],"version-history":[{"count":0,"href":"https:\/\/ikapartamenty.pl\/ar\/wp-json\/wp\/v2\/pages\/267\/revisions"}],"wp:attachment":[{"href":"https:\/\/ikapartamenty.pl\/ar\/wp-json\/wp\/v2\/media?parent=267"}],"curies":[{"name":"wp","href":"https:\/\/api.w.org\/{rel}","templated":true}]}}